{"id":979,"date":"2022-01-16T09:30:12","date_gmt":"2022-01-16T09:30:12","guid":{"rendered":"https:\/\/talliwitherslake.net\/?post_type=product&#038;p=979"},"modified":"2025-03-03T09:29:20","modified_gmt":"2025-03-03T09:29:20","slug":"opetustunti-omalla-tallilla-yksityistunti","status":"publish","type":"product","link":"https:\/\/talliwitherslake.net\/index.php\/product\/opetustunti-omalla-tallilla-yksityistunti\/","title":{"rendered":"Opetustunti omalla tallilla\/yksityistunti 30min"},"content":{"rendered":"<p>Maksutapa sovituille opetustunneille. Olethan siis yhteydess\u00e4 Johannaan ennen t\u00e4m\u00e4n tuotteen ostoa!<\/p>\n","protected":false},"excerpt":{"rendered":"<p>Maksutapa sovituille opetustunneille. Olethan siis yhteydess\u00e4 Johannaan ennen t\u00e4m\u00e4n tuotteen ostoa!<\/p>\n","protected":false},"featured_media":119,"comment_status":"open","ping_status":"closed","template":"","meta":[],"product_cat":[33],"product_tag":[],"_links":{"self":[{"href":"https:\/\/talliwitherslake.net\/index.php\/wp-json\/wp\/v2\/product\/979"}],"collection":[{"href":"https:\/\/talliwitherslake.net\/index.php\/wp-json\/wp\/v2\/product"}],"about":[{"href":"https:\/\/talliwitherslake.net\/index.php\/wp-json\/wp\/v2\/types\/product"}],"replies":[{"embeddable":true,"href":"https:\/\/talliwitherslake.net\/index.php\/wp-json\/wp\/v2\/comments?post=979"}],"wp:featuredmedia":[{"embeddable":true,"href":"https:\/\/talliwitherslake.net\/index.php\/wp-json\/wp\/v2\/media\/119"}],"wp:attachment":[{"href":"https:\/\/talliwitherslake.net\/index.php\/wp-json\/wp\/v2\/media?parent=979"}],"wp:term":[{"taxonomy":"product_cat","embeddable":true,"href":"https:\/\/talliwitherslake.net\/index.php\/wp-json\/wp\/v2\/product_cat?post=979"},{"taxonomy":"product_tag","embeddable":true,"href":"https:\/\/talliwitherslake.net\/index.php\/wp-json\/wp\/v2\/product_tag?post=979"}],"curies":[{"name":"wp","href":"https:\/\/api.w.org\/{rel}","templated":true}]}}