{"id":957,"date":"2021-12-20T10:52:42","date_gmt":"2021-12-20T10:52:42","guid":{"rendered":"https:\/\/talliwitherslake.net\/?post_type=product&#038;p=957"},"modified":"2021-12-20T10:54:41","modified_gmt":"2021-12-20T10:54:41","slug":"luentotallenne-tasapainosta","status":"publish","type":"product","link":"https:\/\/talliwitherslake.net\/index.php\/product\/luentotallenne-tasapainosta\/","title":{"rendered":"Luentotallenne Tasapainosta"},"content":{"rendered":"<p>40min luento hevosen tasapainosta ja n\u00e4k\u00f6kulma sen tutkimiseen.<\/p>\n<p>Luennon pit\u00e4j\u00e4n\u00e4 on Johanna Hietala, jolla on 17 vuoden ty\u00f6kokemus hevosten ja ratsastajien kehojen ja tunteiden s\u00e4\u00e4telyn auttamisesta, on mm. koulutettu hieroja sek\u00e4 ihmisille ett\u00e4 hevosille, hevosenkouluttaja, ja hevososteopaatti-opiskelija. Tervetuloa mukaan kuuntelemaan!<\/p>\n<p>Osallistujien palautteita:<\/p>\n<p>&#8221;Kiitos paljon selvent\u00e4v\u00e4st\u00e4 luennosta! Esitit hyvin selke\u00e4sti ja avaavasti perusasioita aiheesta. Ainakin itse sain ahaa- el\u00e4myksi\u00e4.&#8221;<\/p>\n<p>&#8221;Selke\u00e4 ja havainnollistava luento siit\u00e4, mist\u00e4 kaikesta tasapaino koostuu ja kuinka se vaikuttaa hevoseen ja liikkumiseen! Pidin erityisesti kohdasta, jossa mainitsit, ett\u00e4 on normaalia, ett\u00e4 tasapaino pysyy aluksi vain hetken ja sitten hevonen autetaan siihen uudelleen takaisin, mutta ei j\u00e4\u00e4d\u00e4 pit\u00e4m\u00e4\u00e4n ja \u201dkannattelemaan\u201d.&#8221;<\/p>\n<p>&#8221;Kiitos hyv\u00e4st\u00e4 luennosta, luento oli t\u00e4rke\u00e4 ja hyvin tehty. Hyv\u00e4t oli my\u00f6s nuo mielikuvat harjoituksissa esim. tuo pallo rintakeh\u00e4ll\u00e4 tai etujalkojen v\u00e4liss\u00e4.&#8221;<\/p>\n","protected":false},"excerpt":{"rendered":"<p>40min luento hevosen tasapainosta ja n\u00e4k\u00f6kulma sen tutkimiseen. Luennon pit\u00e4j\u00e4n\u00e4 on Johanna Hietala, jolla on 17 vuoden ty\u00f6kokemus hevosten ja ratsastajien kehojen ja tunteiden s\u00e4\u00e4telyn auttamisesta, on mm. koulutettu hieroja sek\u00e4 ihmisille ett\u00e4 hevosille, hevosenkouluttaja, ja hevososteopaatti-opiskelija. Tervetuloa mukaan kuuntelemaan! Osallistujien palautteita: &#8221;Kiitos paljon selvent\u00e4v\u00e4st\u00e4 luennosta! Esitit hyvin selke\u00e4sti ja avaavasti perusasioita aiheesta. Ainakin itse &hellip; <\/p>\n<p class=\"link-more\"><a href=\"https:\/\/talliwitherslake.net\/index.php\/product\/luentotallenne-tasapainosta\/\" class=\"more-link\">Jatka lukemista<span class=\"screen-reader-text\"> &#8221;Luentotallenne Tasapainosta&#8221;<\/span><\/a><\/p>\n","protected":false},"featured_media":958,"comment_status":"open","ping_status":"closed","template":"","meta":[],"product_cat":[32],"product_tag":[],"_links":{"self":[{"href":"https:\/\/talliwitherslake.net\/index.php\/wp-json\/wp\/v2\/product\/957"}],"collection":[{"href":"https:\/\/talliwitherslake.net\/index.php\/wp-json\/wp\/v2\/product"}],"about":[{"href":"https:\/\/talliwitherslake.net\/index.php\/wp-json\/wp\/v2\/types\/product"}],"replies":[{"embeddable":true,"href":"https:\/\/talliwitherslake.net\/index.php\/wp-json\/wp\/v2\/comments?post=957"}],"wp:featuredmedia":[{"embeddable":true,"href":"https:\/\/talliwitherslake.net\/index.php\/wp-json\/wp\/v2\/media\/958"}],"wp:attachment":[{"href":"https:\/\/talliwitherslake.net\/index.php\/wp-json\/wp\/v2\/media?parent=957"}],"wp:term":[{"taxonomy":"product_cat","embeddable":true,"href":"https:\/\/talliwitherslake.net\/index.php\/wp-json\/wp\/v2\/product_cat?post=957"},{"taxonomy":"product_tag","embeddable":true,"href":"https:\/\/talliwitherslake.net\/index.php\/wp-json\/wp\/v2\/product_tag?post=957"}],"curies":[{"name":"wp","href":"https:\/\/api.w.org\/{rel}","templated":true}]}}