{"id":846,"date":"2021-12-11T10:20:00","date_gmt":"2021-12-11T10:20:00","guid":{"rendered":"https:\/\/talliwitherslake.net\/?post_type=product&#038;p=846"},"modified":"2025-03-03T09:29:20","modified_gmt":"2025-03-03T09:29:20","slug":"kivijalka-kuntoon-kurssi","status":"publish","type":"product","link":"https:\/\/talliwitherslake.net\/index.php\/product\/kivijalka-kuntoon-kurssi\/","title":{"rendered":"Kivijalka Kuntoon Ratsulle &#8211; kurssi, osa 1"},"content":{"rendered":"","protected":false},"excerpt":{"rendered":"<div class=\"cxmmr5t8 oygrvhab hcukyx3x c1et5uql o9v6fnle ii04i59q\">\n<div dir=\"auto\">Kurssi sis\u00e4lt\u00e4\u00e4 ratsuhevosen kehotietoisuutta lis\u00e4\u00e4vi\u00e4 harjoituksia, joissa opetetaan hevoselle oikeanlainen reagoiminen meid\u00e4n apuihin. Kurssin j\u00e4lkeen sinulla ja hevosellasi on pohjatiedot, joiden avulla l\u00e4hte\u00e4 rakentamaan hevosen liikkumista tasapainossa, itsens\u00e4 kantaen ja kehitt\u00e4en.<\/div>\n<\/div>\n<p>Kurssilla keskityt\u00e4\u00e4n siihen, ett\u00e4 hevonen oppisi biomekaanisesti toimivan ja kest\u00e4v\u00e4n tavan liikuttaa kehoaan avuista ja ihminen ymm\u00e4rt\u00e4isi mit\u00e4 kaikkea hevosen tulee ymm\u00e4rt\u00e4\u00e4 ollessaan ratsuna.<\/p>\n<div class=\"cxmmr5t8 oygrvhab hcukyx3x c1et5uql o9v6fnle ii04i59q\">\n<div dir=\"auto\">\n<p>Yksi t\u00e4rke\u00e4 elementti hevosen kevyess\u00e4 ja kauniissa kehonk\u00e4yt\u00f6s\u00e4 ratsun t\u00f6iss\u00e4 on opettaa tai uudelleen opettaa sille sek\u00e4 ihmiselle avut perustavanlaatuisesti. Niin ett\u00e4 molemmat tiet\u00e4v\u00e4t mit\u00e4 tulee tehd\u00e4, kun tietty\u00e4 apua k\u00e4ytet\u00e4\u00e4n.<\/p>\n<\/div>\n<div dir=\"auto\">\n<p>Harjoitukset sopivat niin nuorelle ratsukoulutettavalle hevoselle, kun vanhalle jo koulutetulle hevoselle tai vaikka toipilaalle, jonka kanssa ei voi liikkua isosti, Se tuo my\u00f6s yhteist\u00e4 mukavaa tekemist\u00e4 sinulle ja hevosellesi ja yhteys hevoseen paranee kun opit kuuntelemaan sit\u00e4 paremmin.<\/p>\n<\/div>\n<div dir=\"auto\">Albert Einstein sanoi ett\u00e4 \u201dasiat pit\u00e4\u00e4 tehd\u00e4 niin yksinkertaiseksi kuin mahdollista, mutta ei yht\u00e4\u00e4n sen yksinkertaisemmaksi\u201d ja olipahan viisas mies!<\/div>\n<\/div>\n<div class=\"cxmmr5t8 oygrvhab hcukyx3x c1et5uql o9v6fnle ii04i59q\">\n<div dir=\"auto\">Rakensin t\u00e4m\u00e4n kurssikokonaisuuden t\u00e4t\u00e4 noudattaen, kuten pyrin toteuttamaan koko ratsastuksen.<\/div>\n<div dir=\"auto\"><\/div>\n<\/div>\n<p>T\u00e4m\u00e4 ensimm\u00e4inen kurssikokonaisuus sis\u00e4lt\u00e4\u00e4 harjotteita, joita tehd\u00e4\u00e4n paikallaan. N\u00e4it\u00e4 ei siis koppurakelitk\u00e4\u00e4n est\u00e4! Voidaan tehd\u00e4 seisten karsinassa, k\u00e4yt\u00e4v\u00e4ll\u00e4, tarhassa, pellonreunassa, kent\u00e4ll\u00e4.<\/p>\n<p>Kurssi avautuu sinulle heti kokonaisuudessaan, ja voit k\u00e4yd\u00e4 sit\u00e4 l\u00e4pi omaa tahtia. Kurssi on k\u00e4yt\u00f6ss\u00e4si niin kauan kun verkkokurssi alusta on olemassa, joten voit palata siihen tarvittaessa milloin vain! Kun kurssia p\u00e4ivitet\u00e4\u00e4n, saat my\u00f6s p\u00e4ivitetyn version aina k\u00e4ytt\u00f6\u00f6si. Kurssi sis\u00e4lt\u00e4\u00e4 kuvia, teksti\u00e4 sek\u00e4 videoita, joilla on helppo hahmottaa kokonaisuus mit\u00e4 harjoitellaan.<\/p>\n<p>Kurssilaisten palautteita:<\/p>\n<p>.<\/p>\n<div class=\"cxmmr5t8 oygrvhab hcukyx3x c1et5uql o9v6fnle ii04i59q\">\n<div dir=\"auto\">\u201cT\u00e4m\u00e4 kurssi on todellakin jokaiselle ratsastajalle tai muuten hevosten kanssa toimivalle soveltuva ja olisikin eritt\u00e4in hyv\u00e4 kaikkia hevosia ratsuksi kouluttaessa varsasta vaariin. My\u00f6s toimii sellaisena ammattilaisen ty\u00f6kaluna jos ty\u00f6skentelee esim. asiakashevosien kanssa asiakkaiden v\u00e4lill\u00e4.\u201d<\/div>\n<div dir=\"auto\">.<\/div>\n<div dir=\"auto\"><\/div>\n<\/div>\n<div class=\"cxmmr5t8 oygrvhab hcukyx3x c1et5uql o9v6fnle ii04i59q\">\n<div dir=\"auto\">\u201cSinun \u00e4\u00e4nt\u00e4 ja rauhallisuutta on kiva kuunnella, videot ja kuvan p\u00e4\u00e4lle puhutut videot oli parhaita osioita kurssissa! \u201c<\/div>\n<div dir=\"auto\">.<\/div>\n<div dir=\"auto\"><\/div>\n<\/div>\n<div class=\"cxmmr5t8 oygrvhab hcukyx3x c1et5uql o9v6fnle ii04i59q\">\n<div dir=\"auto\">\u201cT\u00e4\u00e4 on mullekin tosi hyv\u00e4, sellaista pys\u00e4htymist\u00e4 ja tiedostamista.\u201d<\/div>\n<div dir=\"auto\">.<\/div>\n<div dir=\"auto\"><\/div>\n<div dir=\"auto\">&#8221;<span class=\"d2edcug0 hpfvmrgz qv66sw1b c1et5uql lr9zc1uh a8c37x1j keod5gw0 nxhoafnm aigsh9s9 fe6kdd0r mau55g9w c8b282yb d3f4x2em iv3no6db jq4qci2q a3bd9o3v b1v8xokw oo9gr5id hzawbc8m\" dir=\"auto\">Johanna on taitava, sek\u00e4 ihmisen ett\u00e4 hevosen n\u00e4k\u00f6kulmasta asiat l\u00e4pik\u00e4yv\u00e4 opettaja.<\/span>&#8221;<\/div>\n<div dir=\"auto\">.<\/div>\n<div dir=\"auto\"><\/div>\n<\/div>\n<p>Kurssille saat 7 p\u00e4iv\u00e4n tyytyv\u00e4isyys takuun, jonka aikana voit pyyt\u00e4\u00e4 rahat takaisin, jos et ole tyytyv\u00e4inen kurssin sis\u00e4lt\u00f6\u00f6n!<br \/>\n.<br \/>\nTilauksen j\u00e4lkeen l\u00f6yd\u00e4t kurssin valikosta Verkkokurssit -&gt; Oma tili<\/p>\n<p>.<br \/>\nSaat salasanan itsellesi klikkaamalla &#8221;Salasana unohtunut?&#8221; nappia kun tarvitset kirjautua uudestaan alustalle.<\/p>\n","protected":false},"featured_media":729,"comment_status":"open","ping_status":"closed","template":"","meta":[],"product_cat":[31],"product_tag":[],"_links":{"self":[{"href":"https:\/\/talliwitherslake.net\/index.php\/wp-json\/wp\/v2\/product\/846"}],"collection":[{"href":"https:\/\/talliwitherslake.net\/index.php\/wp-json\/wp\/v2\/product"}],"about":[{"href":"https:\/\/talliwitherslake.net\/index.php\/wp-json\/wp\/v2\/types\/product"}],"replies":[{"embeddable":true,"href":"https:\/\/talliwitherslake.net\/index.php\/wp-json\/wp\/v2\/comments?post=846"}],"wp:featuredmedia":[{"embeddable":true,"href":"https:\/\/talliwitherslake.net\/index.php\/wp-json\/wp\/v2\/media\/729"}],"wp:attachment":[{"href":"https:\/\/talliwitherslake.net\/index.php\/wp-json\/wp\/v2\/media?parent=846"}],"wp:term":[{"taxonomy":"product_cat","embeddable":true,"href":"https:\/\/talliwitherslake.net\/index.php\/wp-json\/wp\/v2\/product_cat?post=846"},{"taxonomy":"product_tag","embeddable":true,"href":"https:\/\/talliwitherslake.net\/index.php\/wp-json\/wp\/v2\/product_tag?post=846"}],"curies":[{"name":"wp","href":"https:\/\/api.w.org\/{rel}","templated":true}]}}