{"id":1794,"date":"2023-09-21T11:50:15","date_gmt":"2023-09-21T11:50:15","guid":{"rendered":"https:\/\/talliwitherslake.net\/?post_type=product&#038;p=1794"},"modified":"2025-03-03T09:29:19","modified_gmt":"2025-03-03T09:29:19","slug":"vuolu","status":"publish","type":"product","link":"https:\/\/talliwitherslake.net\/index.php\/product\/vuolu\/","title":{"rendered":"Hevosen vuolu"},"content":{"rendered":"<p>Maksutapa sovituille vuolukerroille. Olethan siis yhteydess\u00e4 Johannaan ennen t\u00e4m\u00e4n tuotteen ostoa!<\/p>\n","protected":false},"excerpt":{"rendered":"<p>Maksutapa sovituille vuolukerroille. Olethan siis yhteydess\u00e4 Johannaan ennen t\u00e4m\u00e4n tuotteen ostoa!<\/p>\n","protected":false},"featured_media":119,"comment_status":"open","ping_status":"closed","template":"","meta":[],"product_cat":[33],"product_tag":[],"_links":{"self":[{"href":"https:\/\/talliwitherslake.net\/index.php\/wp-json\/wp\/v2\/product\/1794"}],"collection":[{"href":"https:\/\/talliwitherslake.net\/index.php\/wp-json\/wp\/v2\/product"}],"about":[{"href":"https:\/\/talliwitherslake.net\/index.php\/wp-json\/wp\/v2\/types\/product"}],"replies":[{"embeddable":true,"href":"https:\/\/talliwitherslake.net\/index.php\/wp-json\/wp\/v2\/comments?post=1794"}],"wp:featuredmedia":[{"embeddable":true,"href":"https:\/\/talliwitherslake.net\/index.php\/wp-json\/wp\/v2\/media\/119"}],"wp:attachment":[{"href":"https:\/\/talliwitherslake.net\/index.php\/wp-json\/wp\/v2\/media?parent=1794"}],"wp:term":[{"taxonomy":"product_cat","embeddable":true,"href":"https:\/\/talliwitherslake.net\/index.php\/wp-json\/wp\/v2\/product_cat?post=1794"},{"taxonomy":"product_tag","embeddable":true,"href":"https:\/\/talliwitherslake.net\/index.php\/wp-json\/wp\/v2\/product_tag?post=1794"}],"curies":[{"name":"wp","href":"https:\/\/api.w.org\/{rel}","templated":true}]}}