{"id":1727,"date":"2023-04-10T05:57:10","date_gmt":"2023-04-10T05:57:10","guid":{"rendered":"https:\/\/talliwitherslake.net\/?post_type=product&#038;p=1727"},"modified":"2025-05-28T02:37:16","modified_gmt":"2025-05-28T02:37:16","slug":"etatunti-30min","status":"publish","type":"product","link":"https:\/\/talliwitherslake.net\/index.php\/product\/etatunti-30min\/","title":{"rendered":"Et\u00e4tunti 30min"},"content":{"rendered":"<p>Maksutapa sovituille et\u00e4tunneille. Olethan siis yhteydess\u00e4 Johannaan ennen t\u00e4m\u00e4n tuotteen ostoa!<\/p>\n","protected":false},"excerpt":{"rendered":"<p>Maksutapa sovituille et\u00e4tunneille. Olethan siis yhteydess\u00e4 Johannaan ennen t\u00e4m\u00e4n tuotteen ostoa!<\/p>\n","protected":false},"featured_media":119,"comment_status":"open","ping_status":"closed","template":"","meta":[],"product_cat":[33],"product_tag":[],"_links":{"self":[{"href":"https:\/\/talliwitherslake.net\/index.php\/wp-json\/wp\/v2\/product\/1727"}],"collection":[{"href":"https:\/\/talliwitherslake.net\/index.php\/wp-json\/wp\/v2\/product"}],"about":[{"href":"https:\/\/talliwitherslake.net\/index.php\/wp-json\/wp\/v2\/types\/product"}],"replies":[{"embeddable":true,"href":"https:\/\/talliwitherslake.net\/index.php\/wp-json\/wp\/v2\/comments?post=1727"}],"wp:featuredmedia":[{"embeddable":true,"href":"https:\/\/talliwitherslake.net\/index.php\/wp-json\/wp\/v2\/media\/119"}],"wp:attachment":[{"href":"https:\/\/talliwitherslake.net\/index.php\/wp-json\/wp\/v2\/media?parent=1727"}],"wp:term":[{"taxonomy":"product_cat","embeddable":true,"href":"https:\/\/talliwitherslake.net\/index.php\/wp-json\/wp\/v2\/product_cat?post=1727"},{"taxonomy":"product_tag","embeddable":true,"href":"https:\/\/talliwitherslake.net\/index.php\/wp-json\/wp\/v2\/product_tag?post=1727"}],"curies":[{"name":"wp","href":"https:\/\/api.w.org\/{rel}","templated":true}]}}