{"id":1599,"date":"2022-08-24T09:12:59","date_gmt":"2022-08-24T09:12:59","guid":{"rendered":"https:\/\/talliwitherslake.net\/?post_type=product&#038;p=1599"},"modified":"2023-11-07T07:41:36","modified_gmt":"2023-11-07T07:41:36","slug":"sulkutaivutuksen-opettaminen-maastakasin","status":"publish","type":"product","link":"https:\/\/talliwitherslake.net\/index.php\/product\/sulkutaivutuksen-opettaminen-maastakasin\/","title":{"rendered":"Sulkutaivutuksen opettaminen maastak\u00e4sin"},"content":{"rendered":"<p>Kurssilla opetellaan sulkutaivutuksen koulutus hevoselle pala kerrallaan. Ohjeistetaan avut, joita hevosen tulisi osata ja kuinka rakentaa niist\u00e4 hevoselle sulkutaivutus. K\u00e4yd\u00e4\u00e4n l\u00e4pi vaiheet, joita hevonen harjoitellessaan k\u00e4y l\u00e4pi ja opitaan ymm\u00e4rt\u00e4m\u00e4\u00e4n sulkutaivutuksen kehityskaari.<\/p>\n","protected":false},"excerpt":{"rendered":"<p>Kurssilla opetellaan sulkutaivutuksen koulutus hevoselle pala kerrallaan. Ohjeistetaan avut, joita hevosen tulisi osata ja kuinka rakentaa niist\u00e4 hevoselle sulkutaivutus. K\u00e4yd\u00e4\u00e4n l\u00e4pi vaiheet, joita hevonen harjoitellessaan k\u00e4y l\u00e4pi ja opitaan ymm\u00e4rt\u00e4m\u00e4\u00e4n sulkutaivutuksen kehityskaari.<\/p>\n","protected":false},"featured_media":1404,"comment_status":"open","ping_status":"closed","template":"","meta":[],"product_cat":[31],"product_tag":[],"_links":{"self":[{"href":"https:\/\/talliwitherslake.net\/index.php\/wp-json\/wp\/v2\/product\/1599"}],"collection":[{"href":"https:\/\/talliwitherslake.net\/index.php\/wp-json\/wp\/v2\/product"}],"about":[{"href":"https:\/\/talliwitherslake.net\/index.php\/wp-json\/wp\/v2\/types\/product"}],"replies":[{"embeddable":true,"href":"https:\/\/talliwitherslake.net\/index.php\/wp-json\/wp\/v2\/comments?post=1599"}],"wp:featuredmedia":[{"embeddable":true,"href":"https:\/\/talliwitherslake.net\/index.php\/wp-json\/wp\/v2\/media\/1404"}],"wp:attachment":[{"href":"https:\/\/talliwitherslake.net\/index.php\/wp-json\/wp\/v2\/media?parent=1599"}],"wp:term":[{"taxonomy":"product_cat","embeddable":true,"href":"https:\/\/talliwitherslake.net\/index.php\/wp-json\/wp\/v2\/product_cat?post=1599"},{"taxonomy":"product_tag","embeddable":true,"href":"https:\/\/talliwitherslake.net\/index.php\/wp-json\/wp\/v2\/product_tag?post=1599"}],"curies":[{"name":"wp","href":"https:\/\/api.w.org\/{rel}","templated":true}]}}