{"id":1062,"date":"2022-02-24T08:55:06","date_gmt":"2022-02-24T08:55:06","guid":{"rendered":"https:\/\/talliwitherslake.net\/?post_type=product&#038;p=1062"},"modified":"2025-03-03T09:27:40","modified_gmt":"2025-03-03T09:27:40","slug":"interaktiivinen-verkkokurssi-kivijalkakuntoon-ratsulle","status":"publish","type":"product","link":"https:\/\/talliwitherslake.net\/index.php\/product\/interaktiivinen-verkkokurssi-kivijalkakuntoon-ratsulle\/","title":{"rendered":"Interaktiivinen verkkokurssi Kivijalkakuntoon ratsulle"},"content":{"rendered":"<p>Interaktiivinen verkkokurssi facebook-ryhm\u00e4ss\u00e4 heille, jotka ovat osallistuneet Kivijalka kuntoon ratsulle osalle 1 tai osalle 2.\u00a0 Kurssilla harjoitellaan kurssin oppeja ja saadaan palautetta omista videoista ja ryhm\u00e4ss\u00e4 pohditaan vastaan tulleita ongelmia! Kurssi kest\u00e4\u00e4 kuukauden.<\/p>\n<p>SEURAAVA RYHM\u00c4 ALKAA 1.3.<\/p>\n","protected":false},"excerpt":{"rendered":"<p>Interaktiivinen verkkokurssi facebook-ryhm\u00e4ss\u00e4 heille, jotka ovat osallistuneet Kivijalka kuntoon ratsulle osalle 1 tai osalle 2.\u00a0 Kurssilla harjoitellaan kurssin oppeja ja saadaan palautetta omista videoista ja ryhm\u00e4ss\u00e4 pohditaan vastaan tulleita ongelmia! Kurssi kest\u00e4\u00e4 kuukauden. SEURAAVA RYHM\u00c4 ALKAA 1.3.<\/p>\n","protected":false},"featured_media":1063,"comment_status":"open","ping_status":"closed","template":"","meta":[],"product_cat":[31],"product_tag":[],"_links":{"self":[{"href":"https:\/\/talliwitherslake.net\/index.php\/wp-json\/wp\/v2\/product\/1062"}],"collection":[{"href":"https:\/\/talliwitherslake.net\/index.php\/wp-json\/wp\/v2\/product"}],"about":[{"href":"https:\/\/talliwitherslake.net\/index.php\/wp-json\/wp\/v2\/types\/product"}],"replies":[{"embeddable":true,"href":"https:\/\/talliwitherslake.net\/index.php\/wp-json\/wp\/v2\/comments?post=1062"}],"wp:featuredmedia":[{"embeddable":true,"href":"https:\/\/talliwitherslake.net\/index.php\/wp-json\/wp\/v2\/media\/1063"}],"wp:attachment":[{"href":"https:\/\/talliwitherslake.net\/index.php\/wp-json\/wp\/v2\/media?parent=1062"}],"wp:term":[{"taxonomy":"product_cat","embeddable":true,"href":"https:\/\/talliwitherslake.net\/index.php\/wp-json\/wp\/v2\/product_cat?post=1062"},{"taxonomy":"product_tag","embeddable":true,"href":"https:\/\/talliwitherslake.net\/index.php\/wp-json\/wp\/v2\/product_tag?post=1062"}],"curies":[{"name":"wp","href":"https:\/\/api.w.org\/{rel}","templated":true}]}}