{"id":95,"date":"2020-06-06T13:22:25","date_gmt":"2020-06-06T12:22:25","guid":{"rendered":"http:\/\/192.168.100.142\/wordpress\/?page_id=95"},"modified":"2023-10-30T13:02:21","modified_gmt":"2023-10-30T13:02:21","slug":"hinnasto","status":"publish","type":"page","link":"https:\/\/talliwitherslake.net\/index.php\/hinnasto\/","title":{"rendered":"Hinnasto"},"content":{"rendered":"\n<p>Ratsastustunnit 45min              alk 38e irtotunti<br>                                                               alk  35e kausi<\/p>\n\n\n\n<p>Lasten tunnit 1h 15min               alk  40e irtotunti<br>(joihin kuuluu hevosen               alk  38e kausi<br> hoito tuntiaikaan)<\/p>\n\n\n\n<p>Maastaratsastustunti                25e<\/p>\n\n\n\n<p>Hevosenkoulutus                        30e<\/p>\n\n\n\n<p>Hevosen itsen\u00e4inen vuokraus                     15e<\/p>\n\n\n\n<p>Hevoshieronta                   alk. 50e<\/p>\n\n\n\n<p>Vuolu                                         alk. 50e ensimm\u00e4inen kerta<br>                                                    alk. 30e s\u00e4\u00e4nn\u00f6llinen huolto<\/p>\n\n\n\n<p>Tunteja voi varata <a href=\"https:\/\/hopoti.com\/stable\/TalliWitherslake\">Hopotista<\/a>. <\/p>\n\n\n\n<figure class=\"wp-block-image\"><img alt=\"\"\/><\/figure>\n","protected":false},"excerpt":{"rendered":"<p>Ratsastustunnit 45min alk 38e irtotunti alk 35e kausi Lasten tunnit 1h 15min alk 40e irtotunti(joihin kuuluu hevosen alk 38e kausi hoito tuntiaikaan) Maastaratsastustunti 25e Hevosenkoulutus 30e Hevosen itsen\u00e4inen vuokraus 15e Hevoshieronta alk. 50e Vuolu alk. 50e ensimm\u00e4inen kerta alk. 30e s\u00e4\u00e4nn\u00f6llinen huolto Tunteja voi varata Hopotista.<\/p>\n","protected":false},"author":1,"featured_media":0,"parent":0,"menu_order":0,"comment_status":"closed","ping_status":"closed","template":"","meta":[],"_links":{"self":[{"href":"https:\/\/talliwitherslake.net\/index.php\/wp-json\/wp\/v2\/pages\/95"}],"collection":[{"href":"https:\/\/talliwitherslake.net\/index.php\/wp-json\/wp\/v2\/pages"}],"about":[{"href":"https:\/\/talliwitherslake.net\/index.php\/wp-json\/wp\/v2\/types\/page"}],"author":[{"embeddable":true,"href":"https:\/\/talliwitherslake.net\/index.php\/wp-json\/wp\/v2\/users\/1"}],"replies":[{"embeddable":true,"href":"https:\/\/talliwitherslake.net\/index.php\/wp-json\/wp\/v2\/comments?post=95"}],"version-history":[{"count":8,"href":"https:\/\/talliwitherslake.net\/index.php\/wp-json\/wp\/v2\/pages\/95\/revisions"}],"predecessor-version":[{"id":1825,"href":"https:\/\/talliwitherslake.net\/index.php\/wp-json\/wp\/v2\/pages\/95\/revisions\/1825"}],"wp:attachment":[{"href":"https:\/\/talliwitherslake.net\/index.php\/wp-json\/wp\/v2\/media?parent=95"}],"curies":[{"name":"wp","href":"https:\/\/api.w.org\/{rel}","templated":true}]}}