{"id":84,"date":"2020-06-06T13:11:47","date_gmt":"2020-06-06T12:11:47","guid":{"rendered":"http:\/\/192.168.100.142\/wordpress\/?page_id=84"},"modified":"2023-12-14T10:52:22","modified_gmt":"2023-12-14T10:52:22","slug":"toiminta","status":"publish","type":"page","link":"https:\/\/talliwitherslake.net\/index.php\/toiminta\/","title":{"rendered":"Toiminta"},"content":{"rendered":"<p><!-- Global site tag (gtag.js) - Google Analytics --><\/p>\n\n\n<h2 class=\"has-text-color\" style=\"color:#528752\">Ratsastustunnit<\/h2>\n\n\n\n<figure class=\"wp-block-image size-full is-style-rounded\"><img loading=\"lazy\" width=\"1080\" height=\"954\" src=\"http:\/\/talliwitherslake.net\/wp-content\/uploads\/2020\/06\/100734379_10158288581398875_1280172297436528640_o.jpg\" alt=\"\" class=\"wp-image-87\" srcset=\"https:\/\/talliwitherslake.net\/wp-content\/uploads\/2020\/06\/100734379_10158288581398875_1280172297436528640_o.jpg 1080w, https:\/\/talliwitherslake.net\/wp-content\/uploads\/2020\/06\/100734379_10158288581398875_1280172297436528640_o-350x309.jpg 350w\" sizes=\"(max-width: 706px) 89vw, (max-width: 767px) 82vw, 740px\" \/><\/figure>\n\n\n\n<p>Ratsastustunneilla tavoitteena on pehme\u00e4 ja huomaamaton yhteisty\u00f6  ratsukon v\u00e4lill\u00e4. Ratsastajaa autetaan ymm\u00e4rt\u00e4m\u00e4\u00e4n miten ja miksi  asioita tehd\u00e4\u00e4n. Istuntaa hiotaan ja tehd\u00e4\u00e4n harjotteita sen  kehitt\u00e4miseksi. Pyrit\u00e4\u00e4n siihen, ett\u00e4 ratsastajalla olisi ty\u00f6kaluja  kehitt\u00e4\u00e4 itse\u00e4\u00e4n ja hevosta my\u00f6s itsen\u00e4isesti ratsastettaessa. <\/p>\n\n\n\n<p> Ratsastustuntien pituus on 45min, koska 60min on pitk\u00e4 aika tehd\u00e4 tarkasti asioita. He, ketk\u00e4 haluavat ja kykenev\u00e4t saavat  itsen\u00e4isesti kuitenkin k\u00e4velytt\u00e4\u00e4 hevosia ennen ja j\u00e4lkeen esimerkiksi  maastossa.<\/p>\n\n\n\n<p>Ratsastustunneilla on maksimissaan 3 ratsukkoa.<\/p>\n\n\n\n<p> Haluan ett\u00e4 oppiminen olisi tehokasta ja toistot hyvi\u00e4, kun tehd\u00e4\u00e4n  kent\u00e4ll\u00e4, jotta hevoset s\u00e4ilyv\u00e4t hyvin\u00e4 ja motivoituneina. Maastoon voi  l\u00e4hte\u00e4 sitten jos haluaa vain nautiskella kyydist\u00e4 sen kummemmin  piipert\u00e4m\u00e4tt\u00e4 mit\u00e4\u00e4n \ud83d\ude01<\/p>\n\n\n\n<p> Tervetuloa uudet ja vanhat oppilaat!<\/p>\n\n\n\n<figure class=\"wp-block-image size-full\"><img loading=\"lazy\" width=\"774\" height=\"864\" src=\"http:\/\/talliwitherslake.net\/wp-content\/uploads\/2021\/11\/raviratsain.jpg\" alt=\"\" class=\"wp-image-733\" srcset=\"https:\/\/talliwitherslake.net\/wp-content\/uploads\/2021\/11\/raviratsain.jpg 774w, https:\/\/talliwitherslake.net\/wp-content\/uploads\/2021\/11\/raviratsain-350x391.jpg 350w, https:\/\/talliwitherslake.net\/wp-content\/uploads\/2021\/11\/raviratsain-269x300.jpg 269w, https:\/\/talliwitherslake.net\/wp-content\/uploads\/2021\/11\/raviratsain-768x857.jpg 768w\" sizes=\"(max-width: 706px) 89vw, (max-width: 767px) 82vw, 740px\" \/><\/figure>\n\n\n\n<h2 class=\"has-text-color\" style=\"color:#528752\">Maastaratsastus<\/h2>\n\n\n\n<p>Maastaratsastuksella opetamme hevoselle taitoja, joita se tulee tarvitsemaan ratsunurallaan sek\u00e4 ratsastajalle taitoja, joita h\u00e4n tulee tarvitsemaan ratsastajana. Pystymme jumppaamaan hevosen kehoa ilman, ett\u00e4 ratsastajan paino vaikeuttaa sen teht\u00e4v\u00e4\u00e4. Ihminen oppii my\u00f6s paremmin ollessaan hevosen vieress\u00e4 ja n\u00e4kee mit\u00e4 hevosen kehossa tapahtuu.  Teemme maastak\u00e4sin t\u00f6it\u00e4 kuolaimilla, kapsonilla tai riimulla ja voimme sijoittaa itsemme eri kohtaan hevosta, riippuen harjoituksista. N\u00e4iden harjoitusten kautta opetamme hevosen my\u00f6s liikkumaan liinassa ympyr\u00e4ll\u00e4 oikein.<\/p>\n\n\n\n<figure class=\"wp-block-image size-full is-style-rounded\"><img loading=\"lazy\" width=\"1080\" height=\"694\" src=\"http:\/\/talliwitherslake.net\/wp-content\/uploads\/2020\/06\/89930522_10158028853653875_6549440434769231872_o.jpg\" alt=\"\" class=\"wp-image-86\" srcset=\"https:\/\/talliwitherslake.net\/wp-content\/uploads\/2020\/06\/89930522_10158028853653875_6549440434769231872_o.jpg 1080w, https:\/\/talliwitherslake.net\/wp-content\/uploads\/2020\/06\/89930522_10158028853653875_6549440434769231872_o-350x225.jpg 350w\" sizes=\"(max-width: 706px) 89vw, (max-width: 767px) 82vw, 740px\" \/><\/figure>\n\n\n\n<h2 class=\"has-text-color\" style=\"color:#528752\">Hevosen koulutus<\/h2>\n\n\n\n<p>Hevosen koulutuksessa t\u00e4rkein on tehd\u00e4 perusty\u00f6 huolella, jonka p\u00e4\u00e4lle kaikki muu rakennetaan. Voin auttaa maastak\u00e4sin tai sel\u00e4st\u00e4 k\u00e4sin. Asioissa edet\u00e4\u00e4n rauhallisesti ja hevosen ehdoilla, ei pyrit\u00e4 l\u00f6yt\u00e4m\u00e4\u00e4n pikakorjauksia vaan mahdollisimman pysyvi\u00e4 tuloksia. My\u00f6s muissa kuin ratsastuksellisissa ongelmissa. Kysy rohkeasti, jos en osaa itse auttaa, autan ohjaamalla henkil\u00f6n luokse, joka kykenisi auttamaan.<\/p>\n\n\n\n<p><br>Meill\u00e4 opetetaan my\u00f6s ihmisi\u00e4 kouluttamaan hevosia niille keskittyneill\u00e4 tunneilla, joille kaikki ovat tervetulleita. Positiivisen vahvistamiseen keskittyv\u00e4t tunnit on jaettu ratsain tapahtuviksi sek\u00e4 maastak\u00e4sin tapahtuviksi tunneiksi, ja s\u00e4\u00e4nn\u00f6llisesti j\u00e4rjest\u00e4mme my\u00f6s alkeiskursseja asiasta. N\u00e4ist\u00e4kin l\u00f6yd\u00e4t tunnit Hopotista!<\/p>\n\n\n\n<figure class=\"wp-block-image size-large\"><img loading=\"lazy\" width=\"1024\" height=\"731\" src=\"https:\/\/talliwitherslake.net\/wp-content\/uploads\/2023\/12\/loinen-palkka-1024x731.jpg\" alt=\"\" class=\"wp-image-1868\" srcset=\"https:\/\/talliwitherslake.net\/wp-content\/uploads\/2023\/12\/loinen-palkka-1024x731.jpg 1024w, https:\/\/talliwitherslake.net\/wp-content\/uploads\/2023\/12\/loinen-palkka-300x214.jpg 300w, https:\/\/talliwitherslake.net\/wp-content\/uploads\/2023\/12\/loinen-palkka-768x548.jpg 768w, https:\/\/talliwitherslake.net\/wp-content\/uploads\/2023\/12\/loinen-palkka-1536x1096.jpg 1536w, https:\/\/talliwitherslake.net\/wp-content\/uploads\/2023\/12\/loinen-palkka-350x250.jpg 350w, https:\/\/talliwitherslake.net\/wp-content\/uploads\/2023\/12\/loinen-palkka.jpg 2048w\" sizes=\"(max-width: 706px) 89vw, (max-width: 767px) 82vw, 740px\" \/><\/figure>\n","protected":false},"excerpt":{"rendered":"<p>Ratsastustunnit Ratsastustunneilla tavoitteena on pehme\u00e4 ja huomaamaton yhteisty\u00f6 ratsukon v\u00e4lill\u00e4. Ratsastajaa autetaan ymm\u00e4rt\u00e4m\u00e4\u00e4n miten ja miksi asioita tehd\u00e4\u00e4n. Istuntaa hiotaan ja tehd\u00e4\u00e4n harjotteita sen kehitt\u00e4miseksi. Pyrit\u00e4\u00e4n siihen, ett\u00e4 ratsastajalla olisi ty\u00f6kaluja kehitt\u00e4\u00e4 itse\u00e4\u00e4n ja hevosta my\u00f6s itsen\u00e4isesti ratsastettaessa. Ratsastustuntien pituus on 45min, koska 60min on pitk\u00e4 aika tehd\u00e4 tarkasti asioita. He, ketk\u00e4 haluavat ja kykenev\u00e4t &hellip; <\/p>\n<p class=\"link-more\"><a href=\"https:\/\/talliwitherslake.net\/index.php\/toiminta\/\" class=\"more-link\">Jatka lukemista<span class=\"screen-reader-text\"> &#8221;Toiminta&#8221;<\/span><\/a><\/p>\n","protected":false},"author":1,"featured_media":0,"parent":0,"menu_order":0,"comment_status":"closed","ping_status":"closed","template":"","meta":[],"_links":{"self":[{"href":"https:\/\/talliwitherslake.net\/index.php\/wp-json\/wp\/v2\/pages\/84"}],"collection":[{"href":"https:\/\/talliwitherslake.net\/index.php\/wp-json\/wp\/v2\/pages"}],"about":[{"href":"https:\/\/talliwitherslake.net\/index.php\/wp-json\/wp\/v2\/types\/page"}],"author":[{"embeddable":true,"href":"https:\/\/talliwitherslake.net\/index.php\/wp-json\/wp\/v2\/users\/1"}],"replies":[{"embeddable":true,"href":"https:\/\/talliwitherslake.net\/index.php\/wp-json\/wp\/v2\/comments?post=84"}],"version-history":[{"count":13,"href":"https:\/\/talliwitherslake.net\/index.php\/wp-json\/wp\/v2\/pages\/84\/revisions"}],"predecessor-version":[{"id":1869,"href":"https:\/\/talliwitherslake.net\/index.php\/wp-json\/wp\/v2\/pages\/84\/revisions\/1869"}],"wp:attachment":[{"href":"https:\/\/talliwitherslake.net\/index.php\/wp-json\/wp\/v2\/media?parent=84"}],"curies":[{"name":"wp","href":"https:\/\/api.w.org\/{rel}","templated":true}]}}