{"id":831,"date":"2021-12-03T10:45:21","date_gmt":"2021-12-03T10:45:21","guid":{"rendered":"https:\/\/talliwitherslake.net\/?page_id=831"},"modified":"2021-12-11T15:03:04","modified_gmt":"2021-12-11T15:03:04","slug":"toimitusehdot","status":"publish","type":"page","link":"https:\/\/talliwitherslake.net\/index.php\/toimitusehdot\/","title":{"rendered":"Toimitusehdot"},"content":{"rendered":"\n<p><strong>Yleist\u00e4 verkkokaupasta<\/strong><\/p>\n\n\n\n<p>Verkkokaupan tuotteita myy <br>tmi Witherslake, y-tunnus 2137817-6<br>Jokelantie 24, 49400 Hamina<br><br>Myymme digitaalisia tuotteita t\u00e4ysi-ik\u00e4isille yksityishenkil\u00f6ille Suomeen ja EU-alueelle. Tuotteiden hinnat sis\u00e4lt\u00e4v\u00e4t arvonlis\u00e4veron. Pid\u00e4t\u00e4mme oikeuden hintojen muutoksiin.<\/p>\n\n\n\n<p>Asiakas sitoutuu jokaisen tilauksen yhteydess\u00e4 voimassa oleviin toimitusehtoihin.<\/p>\n\n\n\n<p><strong>Toimitustavat ja -aika<\/strong><\/p>\n\n\n\n<p>Digituotteet (verkkokurssit tai verkkoluennot) toimitetaan antamaasi s\u00e4hk\u00f6postiosoitteeseen 24h sis\u00e4ll\u00e4 maksamisesta tai sovitun aloitusaikataulun mukaisesti tai saat kurssin v\u00e4litt\u00f6m\u00e4sti k\u00e4ytt\u00f6\u00f6si maksun j\u00e4lkeen.<\/p>\n\n\n\n<p><strong>Kuluttaja-asiakkaan peruutusoikeus<\/strong><\/p>\n\n\n\n<p>Verkkokaupan kuluttaja-asiakkaalla on kuluttajansuojalain mukainen 14 vuorokauden peruutusoikeus (ks. rajoitukset alta). Tilauksen voi peruuttaa kirjallisella ilmoituksella s\u00e4hk\u00f6postitse: johq.hietala@gmail.com. Liit\u00e4 mukaan seuraavat tiedot:<\/p>\n\n\n\n<ul><li>ostop\u00e4iv\u00e4m\u00e4\u00e4r\u00e4<\/li><li>nimi<\/li><li>osoite<\/li><li>puhelinnumero<\/li><li>pankkitili IBAN-muodossa<\/li><\/ul>\n\n\n\n<p>Emme vastaanota palautuksia yli 14 vrk kuluttua toimituksen vastaanottamisesta.<\/p>\n\n\n\n<p><strong>Kuluttajan peruutusoikeuden rajoitukset<\/strong><\/p>\n\n\n\n<p>Kuluttaja-asiakkaalla ei ole peruuttamisoikeutta, verkkoluentojen, verkkokurssien ja vastaavien palveluiden tilauksissa, jos tilatun tuotteen l\u00e4hetys on k\u00e4ynnistynyt tai tilattu tuote on asiakkaan saatavilla ja asiakas on maksanut tilauksen hyv\u00e4ksyen siten peruuttamisoikeuden menett\u00e4misen.<\/p>\n\n\n\n<p>Tilattu tuote on asiakkaan saatavilla esimerkiksi silloin, kun h\u00e4n on tilausvahvistuksessa tai muutoin tilauksen j\u00e4lkeen saanut digitaalisen tuotteen latauslinkin taikka linkin tai tunnukset s\u00e4hk\u00f6iseen palveluun.<\/p>\n\n\n\n<p><strong>Verkkokurssien tyytyv\u00e4isyystakuu<\/strong><\/p>\n\n\n\n<p>Annan kaikille verkkokursseilleni tyytyv\u00e4isyystakuun. Mik\u00e4li olet sit\u00e4 mielt\u00e4, ettet ole saanut verkkokurssistani mit\u00e4\u00e4n hy\u00f6ty\u00e4, on sinulla oikeus peruuttaa tilauksesi 7 vuorokauden kuluessa tilauksen tekemisest\u00e4 seuraavasti.<\/p>\n\n\n\n<p>Verkkokurssin tilauksen voi peruuttaa s\u00e4hk\u00f6postitse: johq.hietala@gmail.com Liit\u00e4 mukaan seuraavat tiedot:<\/p>\n\n\n\n<ul><li>ostop\u00e4iv\u00e4m\u00e4\u00e4r\u00e4<\/li><li>nimi<\/li><li>osoite<\/li><li>puhelinnumero<\/li><li>pankkitili IBAN-muodossa<\/li><li>syy, miksi haluat peruuttaa kurssisi<\/li><\/ul>\n\n\n\n<p>Emme vastaanota palautuksia yli 7 vrk kuluttua toimituksen vastaanottamisesta.<\/p>\n\n\n\n<p>Digituotteet ovat saatavilla sellaisenaan kuin ne ovat. Witherslake varaa oikeuden milloin tahansa muuttaa, vaihtaa, lis\u00e4t\u00e4 tai poistaa tuotteita, palveluita ja materiaaleja sivustoilla.<\/p>\n\n\n\n<p>Kaiken materiaalin kopioiminen ja levitt\u00e4minen on kielletty.<\/p>\n\n\n\n<p><strong>Ongelmatilanteet<\/strong><\/p>\n\n\n\n<p>Mik\u00e4li tuote ei saavu odotetusti s\u00e4hk\u00f6postiisi tai sinulle on toimitettu v\u00e4\u00e4r\u00e4 tuote, tulee sinun ilmoittaa virheest\u00e4 v\u00e4litt\u00f6m\u00e4sti osoitteeseen johq.hietala@gmail.com Virheilmoitukset k\u00e4sitell\u00e4\u00e4n arkip\u00e4ivisin.<\/p>\n\n\n\n<p>Ilmoitus virheellisest\u00e4 toimituksesta tai viallisesta tuotteesta on teht\u00e4v\u00e4 mahdollisimman pian.<\/p>\n","protected":false},"excerpt":{"rendered":"<p>Yleist\u00e4 verkkokaupasta Verkkokaupan tuotteita myy tmi Witherslake, y-tunnus 2137817-6Jokelantie 24, 49400 Hamina Myymme digitaalisia tuotteita t\u00e4ysi-ik\u00e4isille yksityishenkil\u00f6ille Suomeen ja EU-alueelle. Tuotteiden hinnat sis\u00e4lt\u00e4v\u00e4t arvonlis\u00e4veron. Pid\u00e4t\u00e4mme oikeuden hintojen muutoksiin. Asiakas sitoutuu jokaisen tilauksen yhteydess\u00e4 voimassa oleviin toimitusehtoihin. Toimitustavat ja -aika Digituotteet (verkkokurssit tai verkkoluennot) toimitetaan antamaasi s\u00e4hk\u00f6postiosoitteeseen 24h sis\u00e4ll\u00e4 maksamisesta tai sovitun aloitusaikataulun mukaisesti tai saat &hellip; <\/p>\n<p class=\"link-more\"><a href=\"https:\/\/talliwitherslake.net\/index.php\/toimitusehdot\/\" class=\"more-link\">Jatka lukemista<span class=\"screen-reader-text\"> &#8221;Toimitusehdot&#8221;<\/span><\/a><\/p>\n","protected":false},"author":1,"featured_media":0,"parent":0,"menu_order":0,"comment_status":"closed","ping_status":"closed","template":"","meta":[],"_links":{"self":[{"href":"https:\/\/talliwitherslake.net\/index.php\/wp-json\/wp\/v2\/pages\/831"}],"collection":[{"href":"https:\/\/talliwitherslake.net\/index.php\/wp-json\/wp\/v2\/pages"}],"about":[{"href":"https:\/\/talliwitherslake.net\/index.php\/wp-json\/wp\/v2\/types\/page"}],"author":[{"embeddable":true,"href":"https:\/\/talliwitherslake.net\/index.php\/wp-json\/wp\/v2\/users\/1"}],"replies":[{"embeddable":true,"href":"https:\/\/talliwitherslake.net\/index.php\/wp-json\/wp\/v2\/comments?post=831"}],"version-history":[{"count":4,"href":"https:\/\/talliwitherslake.net\/index.php\/wp-json\/wp\/v2\/pages\/831\/revisions"}],"predecessor-version":[{"id":871,"href":"https:\/\/talliwitherslake.net\/index.php\/wp-json\/wp\/v2\/pages\/831\/revisions\/871"}],"wp:attachment":[{"href":"https:\/\/talliwitherslake.net\/index.php\/wp-json\/wp\/v2\/media?parent=831"}],"curies":[{"name":"wp","href":"https:\/\/api.w.org\/{rel}","templated":true}]}}