{"id":193,"date":"2021-07-10T15:09:39","date_gmt":"2021-07-10T15:09:39","guid":{"rendered":"http:\/\/talliwitherslake.net\/?page_id=193"},"modified":"2023-12-14T10:48:30","modified_gmt":"2023-12-14T10:48:30","slug":"johanna-hietala","status":"publish","type":"page","link":"https:\/\/talliwitherslake.net\/index.php\/johanna-hietala\/","title":{"rendered":"Johanna Hietala"},"content":{"rendered":"\n<p>Kuka?<\/p>\n\n\n\n<p>&#8221;Olen py\u00f6ritt\u00e4nyt Talli Witherslakea jo vuodesta 2006, kun p\u00e4\u00e4sin hevosenhoitajalinjalta Harjun oppimiskeskuksesta. Erikoistuin silloin ravihevosten valmentamiseen ja varsojen opetukseen, mutta siit\u00e4 huolimatta p\u00e4\u00e4dyin pit\u00e4m\u00e4\u00e4n ratsastustallia.<\/p>\n\n\n\n<p>Omien selk\u00e4ongelmien kautta l\u00f6ysin Centered Ridingin ja vuonna 2011 k\u00e4vin Centered Riding ohjaajakurssin ja se kulkee vahvasti edelleen mukanani, ja pid\u00e4n siit\u00e4, ett\u00e4 siin\u00e4 p\u00e4ivitet\u00e4\u00e4n ja pidet\u00e4\u00e4n yll\u00e4 osaamista s\u00e4\u00e4nn\u00f6llisesti.<\/p>\n\n\n\n<p>Vuosia olin hyvin vahvasti kiinostunut ratsastajien ja hevosten kehojen toiminnasta ja itseopiskelin keinoja auttaa heit\u00e4. Sit\u00e4 my\u00f6ten aloin kiinostua my\u00f6s klassisesta ja akateemisesta ratsastuksesta, josta olen poiminut paljon mukaani, vaikka en ihan puhtaasti sen tyylin edustajana itse\u00e4ni pid\u00e4kk\u00e4\u00e4n.<\/p>\n\n\n\n<p>Ehk\u00e4 juuri t\u00e4m\u00e4n polun my\u00f6t\u00e4 olen l\u00f6yt\u00e4nyt itseni opiskelemasta erilaisia manuaalisia terapioita. Olen koulutettu (ihmis)hieroja sek\u00e4 ammattitutkinnon suorittanut hevoshieroja. Olen opiskellut kraniosakraaliterapiaa sek\u00e4 ihmisien ett\u00e4 hevosten osalta, hevosshiatsua, lihaskalvok\u00e4sittelyj\u00e4, kinesioteippausta.. T\u00e4ll\u00e4 hetkell\u00e4 opiskelen hevososteopaatiksi.<\/p>\n\n\n\n<p>Olen my\u00f6s opiskellut hevosten oppimispsykologiaa, ensin verkkokurssien kautta, ja sen j\u00e4lkeen hevostalouden ammattitutkinnon linjalla vuoden kest\u00e4v\u00e4n hevosenkouluttamisen osan. Nyt olen my\u00f6s n\u00e4ytt\u00f6j\u00e4 vailla valmis el\u00e4intenkouluttaja. Koen ett\u00e4 auttaakseni hevosta sen kehollisissa pulmissa, minun t\u00e4ytyy kyet\u00e4 my\u00f6s ymm\u00e4rt\u00e4m\u00e4\u00e4n kuinka sen mieli toimii ja kuinka voin opettaa ja auttaa sit\u00e4 toimimaan niin, ett\u00e4 itsens\u00e4 rikkomisen sijasta se eheytt\u00e4\u00e4 itse\u00e4\u00e4n. Toki t\u00e4m\u00e4 sama p\u00e4tee ihmisiinkin!<\/p>\n\n\n\n<p>Kaiken t\u00e4m\u00e4n lis\u00e4ksi olen hyvin kiinostunut hevosten kavioista ja niiden huollosta, koska ne linkittyv\u00e4t hyvin vahvasti hevosen kehon toimintaan ja liikkumiseen. Vuolen omien lis\u00e4ksi my\u00f6s muutamia vieraita keng\u00e4tt\u00f6mi\u00e4 hevosia ja autan omistajia huolehtimaan my\u00f6s itse kavioista vuolujen v\u00e4liss\u00e4.<\/p>\n\n\n\n<p>T\u00e4ll\u00e4 hetkell\u00e4 koen ett\u00e4 intohimoni on auttaa hevosikkoa tulemaan mielelt\u00e4\u00e4n ja keholtaan ehe\u00e4ksi ja onnelliseksi ja k\u00e4\u00e4nn\u00e4n mielell\u00e4ni monta kive\u00e4 auttaakseni siin\u00e4. Jos sin\u00e4 kaipaat apua hevosesi kanssa tai haluat tulla tutustumaan meid\u00e4n hevosiimme, olet hyvin tervetullut ottamaan yhteytt\u00e4!<\/p>\n\n\n\n<p>Hevoshieronta,<\/p>\n\n\n\n<p>Ratsastuksenopetus,<\/p>\n\n\n\n<p>Hevosenopetus,<\/p>\n\n\n\n<p>Positiivisen vavistamisen opettelu,<\/p>\n\n\n\n<p>Paljasjalkaisten vuolu ja vuoluopetus,<\/p>\n\n\n\n<p>Hevostaitojen opetus<\/p>\n\n\n\n<p>Kehonhuollon opetus<\/p>\n\n\n\n<p><\/p>\n\n\n\n<p>Ainakin kaikkea t\u00e4t\u00e4 tarjoan \ud83d\ude42 &#8221;<\/p>\n\n\n\n<figure class=\"wp-block-image size-large\"><img loading=\"lazy\" width=\"1024\" height=\"813\" src=\"http:\/\/talliwitherslake.net\/wp-content\/uploads\/2022\/06\/raippayliselan-1024x813.jpg\" alt=\"\" class=\"wp-image-1530\" srcset=\"https:\/\/talliwitherslake.net\/wp-content\/uploads\/2022\/06\/raippayliselan-1024x813.jpg 1024w, https:\/\/talliwitherslake.net\/wp-content\/uploads\/2022\/06\/raippayliselan-300x238.jpg 300w, https:\/\/talliwitherslake.net\/wp-content\/uploads\/2022\/06\/raippayliselan-768x610.jpg 768w, https:\/\/talliwitherslake.net\/wp-content\/uploads\/2022\/06\/raippayliselan-1536x1220.jpg 1536w, https:\/\/talliwitherslake.net\/wp-content\/uploads\/2022\/06\/raippayliselan-2048x1627.jpg 2048w, https:\/\/talliwitherslake.net\/wp-content\/uploads\/2022\/06\/raippayliselan-350x278.jpg 350w\" sizes=\"(max-width: 706px) 89vw, (max-width: 767px) 82vw, 740px\" \/><\/figure>\n\n\n\n<p><\/p>\n","protected":false},"excerpt":{"rendered":"<p>Kuka? &#8221;Olen py\u00f6ritt\u00e4nyt Talli Witherslakea jo vuodesta 2006, kun p\u00e4\u00e4sin hevosenhoitajalinjalta Harjun oppimiskeskuksesta. Erikoistuin silloin ravihevosten valmentamiseen ja varsojen opetukseen, mutta siit\u00e4 huolimatta p\u00e4\u00e4dyin pit\u00e4m\u00e4\u00e4n ratsastustallia. Omien selk\u00e4ongelmien kautta l\u00f6ysin Centered Ridingin ja vuonna 2011 k\u00e4vin Centered Riding ohjaajakurssin ja se kulkee vahvasti edelleen mukanani, ja pid\u00e4n siit\u00e4, ett\u00e4 siin\u00e4 p\u00e4ivitet\u00e4\u00e4n ja pidet\u00e4\u00e4n yll\u00e4 osaamista &hellip; <\/p>\n<p class=\"link-more\"><a href=\"https:\/\/talliwitherslake.net\/index.php\/johanna-hietala\/\" class=\"more-link\">Jatka lukemista<span class=\"screen-reader-text\"> &#8221;Johanna Hietala&#8221;<\/span><\/a><\/p>\n","protected":false},"author":1,"featured_media":0,"parent":0,"menu_order":0,"comment_status":"closed","ping_status":"closed","template":"","meta":[],"_links":{"self":[{"href":"https:\/\/talliwitherslake.net\/index.php\/wp-json\/wp\/v2\/pages\/193"}],"collection":[{"href":"https:\/\/talliwitherslake.net\/index.php\/wp-json\/wp\/v2\/pages"}],"about":[{"href":"https:\/\/talliwitherslake.net\/index.php\/wp-json\/wp\/v2\/types\/page"}],"author":[{"embeddable":true,"href":"https:\/\/talliwitherslake.net\/index.php\/wp-json\/wp\/v2\/users\/1"}],"replies":[{"embeddable":true,"href":"https:\/\/talliwitherslake.net\/index.php\/wp-json\/wp\/v2\/comments?post=193"}],"version-history":[{"count":3,"href":"https:\/\/talliwitherslake.net\/index.php\/wp-json\/wp\/v2\/pages\/193\/revisions"}],"predecessor-version":[{"id":1866,"href":"https:\/\/talliwitherslake.net\/index.php\/wp-json\/wp\/v2\/pages\/193\/revisions\/1866"}],"wp:attachment":[{"href":"https:\/\/talliwitherslake.net\/index.php\/wp-json\/wp\/v2\/media?parent=193"}],"curies":[{"name":"wp","href":"https:\/\/api.w.org\/{rel}","templated":true}]}}