{"id":12,"date":"2020-03-11T14:34:33","date_gmt":"2020-03-11T14:34:33","guid":{"rendered":"http:\/\/192.168.100.142\/wordpress\/?page_id=12"},"modified":"2021-11-25T08:52:35","modified_gmt":"2021-11-25T08:52:35","slug":"kurssi1-esittely","status":"publish","type":"page","link":"https:\/\/talliwitherslake.net\/index.php\/kurssi1-esittely\/","title":{"rendered":"Kivijalka kuntoon ratsulle"},"content":{"rendered":"<p><!-- Global site tag (gtag.js) - Google Analytics --><br \/><br \/><br \/><\/p>\n\n\n<p>Ratsuhevosen kehotietoisuutta lis\u00e4\u00e4vi\u00e4 harjoituksia. Kurssin j\u00e4lkeen sinulla ja hevosellasi on pohjatiedot, joiden avulla l\u00e4hte\u00e4 rakentamaan hevosen liikkumista tasapainossa, itsens\u00e4 kantaen ja kehitt\u00e4en.<\/p>\n\n\n\n<p><\/p>\n\n\n\n<p>T\u00e4m\u00e4 ensimm\u00e4inen osuus sis\u00e4lt\u00e4\u00e4 harjotteita, joita voi tehd\u00e4 paikallaan. N\u00e4it\u00e4 ei siis koppurakelitk\u00e4\u00e4n est\u00e4!<\/p>\n\n\n\n<p><\/p>\n","protected":false},"excerpt":{"rendered":"<p>Ratsuhevosen kehotietoisuutta lis\u00e4\u00e4vi\u00e4 harjoituksia. Kurssin j\u00e4lkeen sinulla ja hevosellasi on pohjatiedot, joiden avulla l\u00e4hte\u00e4 rakentamaan hevosen liikkumista tasapainossa, itsens\u00e4 kantaen ja kehitt\u00e4en. T\u00e4m\u00e4 ensimm\u00e4inen osuus sis\u00e4lt\u00e4\u00e4 harjotteita, joita voi tehd\u00e4 paikallaan. N\u00e4it\u00e4 ei siis koppurakelitk\u00e4\u00e4n est\u00e4!<\/p>\n","protected":false},"author":1,"featured_media":0,"parent":0,"menu_order":0,"comment_status":"closed","ping_status":"closed","template":"","meta":[],"_links":{"self":[{"href":"https:\/\/talliwitherslake.net\/index.php\/wp-json\/wp\/v2\/pages\/12"}],"collection":[{"href":"https:\/\/talliwitherslake.net\/index.php\/wp-json\/wp\/v2\/pages"}],"about":[{"href":"https:\/\/talliwitherslake.net\/index.php\/wp-json\/wp\/v2\/types\/page"}],"author":[{"embeddable":true,"href":"https:\/\/talliwitherslake.net\/index.php\/wp-json\/wp\/v2\/users\/1"}],"replies":[{"embeddable":true,"href":"https:\/\/talliwitherslake.net\/index.php\/wp-json\/wp\/v2\/comments?post=12"}],"version-history":[{"count":15,"href":"https:\/\/talliwitherslake.net\/index.php\/wp-json\/wp\/v2\/pages\/12\/revisions"}],"predecessor-version":[{"id":739,"href":"https:\/\/talliwitherslake.net\/index.php\/wp-json\/wp\/v2\/pages\/12\/revisions\/739"}],"wp:attachment":[{"href":"https:\/\/talliwitherslake.net\/index.php\/wp-json\/wp\/v2\/media?parent=12"}],"curies":[{"name":"wp","href":"https:\/\/api.w.org\/{rel}","templated":true}]}}