{"id":10,"date":"2020-03-11T14:34:11","date_gmt":"2020-03-11T14:34:11","guid":{"rendered":"http:\/\/192.168.100.142\/wordpress\/?page_id=10"},"modified":"2024-04-30T12:53:04","modified_gmt":"2024-04-30T12:53:04","slug":"yleista","status":"publish","type":"page","link":"https:\/\/talliwitherslake.net\/","title":{"rendered":"Etusivu"},"content":{"rendered":"\n<figure class=\"wp-block-image size-full is-style-rounded\"><img loading=\"lazy\" width=\"679\" height=\"849\" src=\"https:\/\/talliwitherslake.net\/wp-content\/uploads\/2023\/10\/64716621_10157282768093875_8207119587062317056_n.jpg\" alt=\"\" class=\"wp-image-1822\" srcset=\"https:\/\/talliwitherslake.net\/wp-content\/uploads\/2023\/10\/64716621_10157282768093875_8207119587062317056_n.jpg 679w, https:\/\/talliwitherslake.net\/wp-content\/uploads\/2023\/10\/64716621_10157282768093875_8207119587062317056_n-240x300.jpg 240w, https:\/\/talliwitherslake.net\/wp-content\/uploads\/2023\/10\/64716621_10157282768093875_8207119587062317056_n-350x438.jpg 350w\" sizes=\"(max-width: 679px) 100vw, 679px\" \/><\/figure>\n\n\n\n<p>Johanna Hietala tarjoaa hyvinvointipalveluita hevosille ja ihmisille.  Johanna toimii Talli Witherslaken tiloissa sek\u00e4 kiert\u00e4\u00e4 Kymenlaakson ja Uudenmaan alueella. Tarjonnassa on mm. hevoshierontaa, ihmisten hierontaa, lomituspalveluita, hevosenkoulutusta, ratsastuksen opetusta istuntaan ja klassiseen tyyliin painottuen sek\u00e4 keng\u00e4tt\u00f6mien hevosten vuolua.<\/p>\n\n\n\n<p>Talli Witherslake on rauhallinen pihattotalli Haminassa.<\/p>\n\n\n\n<p>Tallilla on ollut toimintaa vuodesta 2006 saakka.<\/p>\n\n\n\n<figure class=\"wp-block-gallery columns-1 is-cropped\"><ul class=\"blocks-gallery-grid\"><li class=\"blocks-gallery-item\"><figure><img loading=\"lazy\" width=\"1080\" height=\"694\" src=\"http:\/\/talliwitherslake.net\/wp-content\/uploads\/2020\/06\/89930522_10158028853653875_6549440434769231872_o.jpg\" alt=\"\" data-id=\"86\" data-full-url=\"http:\/\/talliwitherslake.net\/wp-content\/uploads\/2020\/06\/89930522_10158028853653875_6549440434769231872_o.jpg\" data-link=\"https:\/\/talliwitherslake.net\/index.php\/toiminta\/89930522_10158028853653875_6549440434769231872_o\/\" class=\"wp-image-86\" srcset=\"https:\/\/talliwitherslake.net\/wp-content\/uploads\/2020\/06\/89930522_10158028853653875_6549440434769231872_o.jpg 1080w, https:\/\/talliwitherslake.net\/wp-content\/uploads\/2020\/06\/89930522_10158028853653875_6549440434769231872_o-350x225.jpg 350w\" sizes=\"(max-width: 706px) 89vw, (max-width: 767px) 82vw, 740px\" \/><\/figure><\/li><\/ul><\/figure>\n\n\n\n<p>Ratsastustunneilla tavoitteena on pehme\u00e4 ja huomaamaton yhteisty\u00f6 ratsukon v\u00e4lill\u00e4. Ratsastajaa autetaan ymm\u00e4rt\u00e4m\u00e4\u00e4n miten ja miksi asioita tehd\u00e4\u00e4n. Istuntaa hiotaan ja tehd\u00e4\u00e4n harjotteita sen kehitt\u00e4miseksi. Pyrit\u00e4\u00e4n siihen, ett\u00e4 ratsastajalla olisi ty\u00f6kaluja kehitt\u00e4\u00e4 itse\u00e4\u00e4n ja hevosta my\u00f6s itsen\u00e4isesti ratsastettaessa. <\/p>\n\n\n\n<p>Meill\u00e4 opetetaan sek\u00e4 hevosille ett\u00e4 ihmisille maastaratsastusta, joka tukee ratsastuksen oppimista syvemmin. Maastaratsastus on hevosen harjoittamista samoilla liikkeill\u00e4 kun ratsain, mutta ihminen onkin hevosen vierell\u00e4. N\u00e4in hevonen vapautuu ratsastajan painosta ja ihminen n\u00e4kee mit\u00e4 hevosen kehossa tapahtuu.  Teemme maastak\u00e4sin my\u00f6s paljon muita harjoituksia ja koulutamme hevosille erilaisia arjen taitoja sek\u00e4 temppuja.<\/p>\n\n\n\n<p>Meill\u00e4 hevosharrastajat yleens\u00e4 kohtaavat my\u00f6s ruokapalkan k\u00e4yt\u00f6n hevosten kanssa, ja sit\u00e4 p\u00e4\u00e4seekin opettelemaan erilaisilla tunneilla ja n\u00e4kem\u00e4\u00e4n sen valtavan hy\u00f6dyn hevosten kanssa. Mutta vaikka k\u00e4visit vain ratsastustunneilla, voit p\u00e4\u00e4ty\u00e4 k\u00e4ytt\u00e4m\u00e4\u00e4n ruokapalkintoa hevosesi motivoimisessa ja kiitt\u00e4misess\u00e4.<\/p>\n\n\n\n<p><\/p>\n\n\n\n<p>Hevoset meill\u00e4 ovat p\u00e4\u00e4asiassa keng\u00e4tt\u00f6mi\u00e4, toimivat my\u00f6s kuolaimetta ja niille pyrit\u00e4\u00e4n takaamaan mahdollisimman lajityypillinen el\u00e4m\u00e4.<\/p>\n\n\n\n<p>Tervetuloa tutustumaan meid\u00e4n toimintaan!<\/p>\n\n\n\n<p>L\u00f6yd\u00e4t tarjonnan ja ajankohtaset hinnat <a href=\"https:\/\/hopoti.com\/stable\/TalliWitherslake\">Hopotista<\/a>, josta voit my\u00f6s tehd\u00e4 varaukset!<\/p>\n\n\n\n<p>Ota yhteytt\u00e4 s\u00e4hk\u00f6postitse johq.hietala@gmail.com tai tekstiviestill\u00e4\/whatsapilla 0465457633\/Johanna<\/p>\n\n\n\n<figure class=\"wp-block-image size-large is-style-rounded\"><img loading=\"lazy\" width=\"768\" height=\"960\" src=\"http:\/\/talliwitherslake.net\/wp-content\/uploads\/2020\/03\/52470647_10156987145793875_6114417052921888768_o.jpg\" alt=\"\" class=\"wp-image-62\" srcset=\"https:\/\/talliwitherslake.net\/wp-content\/uploads\/2020\/03\/52470647_10156987145793875_6114417052921888768_o.jpg 768w, https:\/\/talliwitherslake.net\/wp-content\/uploads\/2020\/03\/52470647_10156987145793875_6114417052921888768_o-350x438.jpg 350w\" sizes=\"(max-width: 706px) 89vw, (max-width: 767px) 82vw, 740px\" \/><figcaption>(Kuvaustilanne, jossa poikkeuksellisesti ilman kyp\u00e4r\u00e4\u00e4. Kyp\u00e4r\u00e4n k\u00e4ytt\u00f6 on meill\u00e4 ratsailla kuitenkin pakollista \ud83d\ude42 )<\/figcaption><\/figure>\n\n\n\n<figure class=\"wp-block-gallery columns-0 is-cropped\"><ul class=\"blocks-gallery-grid\"><\/ul><\/figure>\n\n\n\n<p>U<\/p>\n","protected":false},"excerpt":{"rendered":"<p>Johanna Hietala tarjoaa hyvinvointipalveluita hevosille ja ihmisille. Johanna toimii Talli Witherslaken tiloissa sek\u00e4 kiert\u00e4\u00e4 Kymenlaakson ja Uudenmaan alueella. Tarjonnassa on mm. hevoshierontaa, ihmisten hierontaa, lomituspalveluita, hevosenkoulutusta, ratsastuksen opetusta istuntaan ja klassiseen tyyliin painottuen sek\u00e4 keng\u00e4tt\u00f6mien hevosten vuolua. Talli Witherslake on rauhallinen pihattotalli Haminassa. Tallilla on ollut toimintaa vuodesta 2006 saakka. Ratsastustunneilla tavoitteena on pehme\u00e4 ja &hellip; <\/p>\n<p class=\"link-more\"><a href=\"https:\/\/talliwitherslake.net\/\" class=\"more-link\">Jatka lukemista<span class=\"screen-reader-text\"> &#8221;Etusivu&#8221;<\/span><\/a><\/p>\n","protected":false},"author":1,"featured_media":0,"parent":0,"menu_order":0,"comment_status":"closed","ping_status":"closed","template":"","meta":[],"_links":{"self":[{"href":"https:\/\/talliwitherslake.net\/index.php\/wp-json\/wp\/v2\/pages\/10"}],"collection":[{"href":"https:\/\/talliwitherslake.net\/index.php\/wp-json\/wp\/v2\/pages"}],"about":[{"href":"https:\/\/talliwitherslake.net\/index.php\/wp-json\/wp\/v2\/types\/page"}],"author":[{"embeddable":true,"href":"https:\/\/talliwitherslake.net\/index.php\/wp-json\/wp\/v2\/users\/1"}],"replies":[{"embeddable":true,"href":"https:\/\/talliwitherslake.net\/index.php\/wp-json\/wp\/v2\/comments?post=10"}],"version-history":[{"count":22,"href":"https:\/\/talliwitherslake.net\/index.php\/wp-json\/wp\/v2\/pages\/10\/revisions"}],"predecessor-version":[{"id":1927,"href":"https:\/\/talliwitherslake.net\/index.php\/wp-json\/wp\/v2\/pages\/10\/revisions\/1927"}],"wp:attachment":[{"href":"https:\/\/talliwitherslake.net\/index.php\/wp-json\/wp\/v2\/media?parent=10"}],"curies":[{"name":"wp","href":"https:\/\/api.w.org\/{rel}","templated":true}]}}